{"id":3749,"date":"2026-02-27T16:15:49","date_gmt":"2026-02-27T16:15:49","guid":{"rendered":"https:\/\/ottostadtmotorwerks.com\/en\/?page_id=3749"},"modified":"2026-02-27T16:53:15","modified_gmt":"2026-02-27T16:53:15","slug":"noise-vibration-suspension-popup","status":"publish","type":"page","link":"https:\/\/ottostadtmotorwerks.com\/en\/noise-vibration-suspension-popup\/","title":{"rendered":"Noise, Vibration &#038; Suspension popup"},"content":{"rendered":"\t\t<div data-elementor-type=\"wp-page\" data-elementor-id=\"3749\" class=\"elementor elementor-3749\" data-elementor-post-type=\"page\">\n\t\t\t\t<div class=\"elementor-element elementor-element-dd41fc9 e-flex e-con-boxed e-con e-parent\" data-id=\"dd41fc9\" data-element_type=\"container\" data-e-type=\"container\">\n\t\t\t\t\t<div class=\"e-con-inner\">\n\t\t<div class=\"elementor-element elementor-element-3f4883c e-con-full e-flex e-con e-child\" data-id=\"3f4883c\" data-element_type=\"container\" data-e-type=\"container\">\n\t\t\t\t<div class=\"elementor-element elementor-element-7c238d0 elementor-widget elementor-widget-image\" data-id=\"7c238d0\" data-element_type=\"widget\" data-e-type=\"widget\" data-widget_type=\"image.default\">\n\t\t\t\t<div class=\"elementor-widget-container\">\n\t\t\t\t\t\t\t\t\t\t\t\t\t\t\t<img fetchpriority=\"high\" decoding=\"async\" width=\"369\" height=\"136\" src=\"https:\/\/ottostadtmotorwerks.com\/en\/wp-content\/uploads\/2026\/02\/download.jpg\" class=\"attachment-full size-full wp-image-3760\" alt=\"\" srcset=\"https:\/\/ottostadtmotorwerks.com\/en\/wp-content\/uploads\/2026\/02\/download.jpg 369w, https:\/\/ottostadtmotorwerks.com\/en\/wp-content\/uploads\/2026\/02\/download-300x111.jpg 300w\" sizes=\"(max-width: 369px) 100vw, 369px\" \/>\t\t\t\t\t\t\t\t\t\t\t\t\t\t\t<\/div>\n\t\t\t\t<\/div>\n\t\t\t\t<div class=\"elementor-element elementor-element-23a4125 elementor-widget__width-initial elementor-widget elementor-widget-heading\" data-id=\"23a4125\" data-element_type=\"widget\" data-e-type=\"widget\" data-widget_type=\"heading.default\">\n\t\t\t\t<div class=\"elementor-widget-container\">\n\t\t\t\t\t<h2 class=\"elementor-heading-title elementor-size-default\">Select Your Language<\/h2>\t\t\t\t<\/div>\n\t\t\t\t<\/div>\n\t\t\t\t<div class=\"elementor-element elementor-element-c7670a6 elementor-widget__width-initial elementor-widget elementor-widget-text-editor\" data-id=\"c7670a6\" data-element_type=\"widget\" data-e-type=\"widget\" data-widget_type=\"text-editor.default\">\n\t\t\t\t<div class=\"elementor-widget-container\">\n\t\t\t\t\t\t\t\t\t<p>Choisissez votre langue<br \/><small>English \/ Fran\u00e7ais (Canada)<\/small><\/p>\t\t\t\t\t\t\t\t<\/div>\n\t\t\t\t<\/div>\n\t\t<div class=\"elementor-element elementor-element-f6283be e-con-full e-flex e-con e-child\" data-id=\"f6283be\" data-element_type=\"container\" data-e-type=\"container\">\n\t\t<a class=\"elementor-element elementor-element-b6e4862 e-con-full e-flex e-con e-child\" data-id=\"b6e4862\" data-element_type=\"container\" data-e-type=\"container\" data-settings=\"{&quot;background_background&quot;:&quot;classic&quot;}\" href=\"https:\/\/ottostadtmotorwerks.com\/en\/noise-vibration-suspension-popup\/\">\n\t\t\t\t<div class=\"elementor-element elementor-element-3554209 elementor-widget__width-initial elementor-widget elementor-widget-heading\" data-id=\"3554209\" data-element_type=\"widget\" data-e-type=\"widget\" data-widget_type=\"heading.default\">\n\t\t\t\t<div class=\"elementor-widget-container\">\n\t\t\t\t\t<h2 class=\"elementor-heading-title elementor-size-default\">English<\/h2>\t\t\t\t<\/div>\n\t\t\t\t<\/div>\n\t\t\t\t<div class=\"elementor-element elementor-element-8795ef6 elementor-widget__width-initial elementor-widget elementor-widget-text-editor\" data-id=\"8795ef6\" data-element_type=\"widget\" data-e-type=\"widget\" data-widget_type=\"text-editor.default\">\n\t\t\t\t<div class=\"elementor-widget-container\">\n\t\t\t\t\t\t\t\t\t<p>Continue in English<\/p>\t\t\t\t\t\t\t\t<\/div>\n\t\t\t\t<\/div>\n\t\t\t\t<\/a>\n\t\t<a class=\"elementor-element elementor-element-5ef2dbf e-con-full e-flex e-con e-child\" data-id=\"5ef2dbf\" data-element_type=\"container\" data-e-type=\"container\" data-settings=\"{&quot;background_background&quot;:&quot;classic&quot;}\" href=\"https:\/\/ottostadtmotorwerks.com\/bruit-vibrations-et-suspension\/\">\n\t\t\t\t<div class=\"elementor-element elementor-element-1c5b42f elementor-widget__width-initial elementor-widget elementor-widget-heading\" data-id=\"1c5b42f\" data-element_type=\"widget\" data-e-type=\"widget\" data-widget_type=\"heading.default\">\n\t\t\t\t<div class=\"elementor-widget-container\">\n\t\t\t\t\t<h2 class=\"elementor-heading-title elementor-size-default\">Fran\u00e7ais<\/h2>\t\t\t\t<\/div>\n\t\t\t\t<\/div>\n\t\t\t\t<div class=\"elementor-element elementor-element-209d4ec elementor-widget__width-initial elementor-widget elementor-widget-text-editor\" data-id=\"209d4ec\" data-element_type=\"widget\" data-e-type=\"widget\" data-widget_type=\"text-editor.default\">\n\t\t\t\t<div class=\"elementor-widget-container\">\n\t\t\t\t\t\t\t\t\t<p>Continuer en fran\u00e7ais<\/p>\t\t\t\t\t\t\t\t<\/div>\n\t\t\t\t<\/div>\n\t\t\t\t<\/a>\n\t\t\t\t<\/div>\n\t\t\t\t<\/div>\n\t\t\t\t\t<\/div>\n\t\t\t\t<\/div>\n\t\t\t\t<\/div>\n\t\t","protected":false},"excerpt":{"rendered":"<p>Select Your Language Choisissez votre langueEnglish \/ Fran\u00e7ais (Canada) English Continue in English Fran\u00e7ais Continuer en fran\u00e7ais<\/p>\n","protected":false},"author":1,"featured_media":0,"parent":0,"menu_order":0,"comment_status":"closed","ping_status":"closed","template":"elementor_header_footer","meta":{"footnotes":""},"class_list":["post-3749","page","type-page","status-publish","hentry"],"_links":{"self":[{"href":"https:\/\/ottostadtmotorwerks.com\/en\/wp-json\/wp\/v2\/pages\/3749","targetHints":{"allow":["GET"]}}],"collection":[{"href":"https:\/\/ottostadtmotorwerks.com\/en\/wp-json\/wp\/v2\/pages"}],"about":[{"href":"https:\/\/ottostadtmotorwerks.com\/en\/wp-json\/wp\/v2\/types\/page"}],"author":[{"embeddable":true,"href":"https:\/\/ottostadtmotorwerks.com\/en\/wp-json\/wp\/v2\/users\/1"}],"replies":[{"embeddable":true,"href":"https:\/\/ottostadtmotorwerks.com\/en\/wp-json\/wp\/v2\/comments?post=3749"}],"version-history":[{"count":58,"href":"https:\/\/ottostadtmotorwerks.com\/en\/wp-json\/wp\/v2\/pages\/3749\/revisions"}],"predecessor-version":[{"id":3819,"href":"https:\/\/ottostadtmotorwerks.com\/en\/wp-json\/wp\/v2\/pages\/3749\/revisions\/3819"}],"wp:attachment":[{"href":"https:\/\/ottostadtmotorwerks.com\/en\/wp-json\/wp\/v2\/media?parent=3749"}],"curies":[{"name":"wp","href":"https:\/\/api.w.org\/{rel}","templated":true}]}}